{"id":210,"date":"2024-05-23T11:52:41","date_gmt":"2024-05-23T11:52:41","guid":{"rendered":"https:\/\/formacja.olsztyn.pl\/?page_id=210"},"modified":"2025-07-24T12:34:46","modified_gmt":"2025-07-24T12:34:46","slug":"warminska-szkola-katechistow","status":"publish","type":"page","link":"https:\/\/formacja.olsztyn.pl\/index.php\/warminska-szkola-katechistow\/","title":{"rendered":"Warmi\u0144ska Szko\u0142a Katechist\u00f3w"},"content":{"rendered":"\n<p><\/p>\n\n\n\n<p><em>Ojciec \u015awi\u0119ty Franciszek Listem Apostolskim motu proprio \u201eAntiquum Ministerium\u201d z dnia 11 maja 2021 roku ustanowi\u0142 w Ko\u015bciele pos\u0142ug\u0119 katechisty. W dokumencie tym czytamy m.in., \u017ce &gt;&gt;Pos\u0142uga ta jest [\u2026] sta\u0142\u0105 s\u0142u\u017cb\u0105 na rzecz Ko\u015bcio\u0142a lokalnego, wed\u0142ug potrzeb duszpasterskich rozeznanych przez ordynariusza miejsca, ale wykonywan\u0105 na spos\u00f3b \u015bwiecki, zgodnie z sam\u0105 natur\u0105 tej\u017ce pos\u0142ugi&lt;&lt; (nr 8). Papie\u017c dalej zach\u0119ca, &gt;&gt;aby do ustanowionej pos\u0142ugi katechisty byli powo\u0142ywani m\u0119\u017cczy\u017ani i kobiety o g\u0142\u0119bokiej wierze i dojrza\u0142o\u015bci ludzkiej, by brali czynny udzia\u0142 w \u017cyciu wsp\u00f3lnoty chrze\u015bcija\u0144skiej, byli zdolni do przyjmowania innych, do szczodro\u015bci i \u017cycia w komunii braterskiej, by otrzymywali nale\u017cn\u0105 formacj\u0119 biblijn\u0105, teologiczn\u0105, duszpastersk\u0105 i pedagogiczn\u0105, aby byli uwa\u017cnymi g\u0142osicielami prawdy wiary oraz by mieli ju\u017c wcze\u015bniejsze do\u015bwiadczenie katechezy&lt;&lt; (nr 8).<\/em><\/p>\n\n\n\n<p><em><strong>Wype\u0142niaj\u0105c zalecenie Ojca \u015awi\u0119tego Franciszka zawarte we wspomnianym wy\u017cej Li\u015bcie Apostolskim i kieruj\u0105c si\u0119 trosk\u0105 o w\u0142a\u015bciw\u0105 formacj\u0119 os\u00f3b, kt\u00f3re b\u0119d\u0105 pe\u0142ni\u0107 w Archidiecezji Warmi\u0144skiej pos\u0142ug\u0119 katechisty, na mocy Dekretu z dnia 11 kwietnia 2024 r. (l.dz. 239\/2024) powo\u0142a\u0142em do istnienia Warmi\u0144sk\u0105 Szko\u0142\u0119 Katechist\u00f3w przy <a href=\"https:\/\/uwm.edu.pl\/wt\/\">Wydziale Teologii UWM w Olsztynie<\/a>.<\/strong><\/em><\/p>\n\n\n\n<p class=\"has-text-align-right\"><em>Abp J\u00f3zef G\u00f3rzy\u0144ski<\/em><\/p>\n\n\n\n<p class=\"has-text-align-right\">METROPOLITA WARMI\u0143SKI<\/p>\n\n\n\n<p><\/p>\n\n\n\n<p class=\"has-text-align-left\"><a href=\"https:\/\/formacja.olsztyn.pl\/index.php\/zasady-funkcjonowania-warminskiej-szkoly-katechistow\/\" data-type=\"link\" data-id=\"https:\/\/formacja.olsztyn.pl\/index.php\/zasady-funkcjonowania-warminskiej-szkoly-katechistow\/\">ZASADY FUNKCJONOWANIA<\/a><\/p>\n\n\n\n<p><\/p>\n\n\n\n<p><a href=\"https:\/\/formacja.olsztyn.pl\/index.php\/plan-zajec-i-roku-cykl-2025-2027\/\" data-type=\"page\" data-id=\"319\">Plan zaj\u0119\u0107 I roku (cykl 2025-2027)<\/a><\/p>\n\n\n\n<p><a href=\"https:\/\/formacja.olsztyn.pl\/index.php\/plan-zajec-ii-roku-cykl-2024-2026\/\" data-type=\"page\" data-id=\"325\">Plan zaj\u0119\u0107 II roku (cykl 2024-2026)<\/a><\/p>\n\n\n\n<p><\/p>\n\n\n\n<p><strong>Zadania katechisty:<\/strong><\/p>\n\n\n\n<ul>\n<li>jest wsp\u00f3\u0142pracownikiem proboszcza i wykonuje swoj\u0105 pos\u0142ug\u0119 pod jego kierownictwem;<\/li>\n\n\n\n<li>podstawow\u0105 jego misj\u0105 jest katecheza ewangelizacyjna, czyli m.in.:<ul><li>prowadzenie katechez kerygmatycznych rodzic\u00f3w i chrzestnych, narzeczonych, dzieci i m\u0142odzie\u017cy, a tak\u017ce os\u00f3b \u017cyj\u0105cych w tzw. sytuacjach nieregularnych;<\/li><\/ul>\n<ul>\n<li>katechizacji sta\u0142ej doros\u0142ych;<\/li>\n\n\n\n<li>ewangelizacji os\u00f3b, kt\u00f3re odesz\u0142y od wiary.<\/li>\n<\/ul>\n<\/li>\n<\/ul>\n\n\n\n<p><\/p>\n\n\n\n<p><strong>Kandydatami mog\u0105 by\u0107 <\/strong>kobiety i m\u0119\u017cczy\u017ani (ochrzczeni i bierzmowani) w wieku powy\u017cej 25 roku \u017cycia, kt\u00f3re zosta\u0142y zarekomendowane (w porozumieniu z radami duszpasterskimi) przez proboszcz\u00f3w ich parafii zamieszkania.<\/p>\n\n\n\n<p>Kandydaci powinni odznacza\u0107 si\u0119 nast\u0119puj\u0105cymi cechami:<\/p>\n\n\n\n<ul>\n<li>wierno\u015bci\u0105 Ko\u015bcio\u0142owi, gotowo\u015bci\u0105 i dyspozycyjno\u015bci\u0105 do wykonywania pos\u0142ugi;<\/li>\n\n\n\n<li>wzorowym \u017cyciem moralnym, bezinteresowno\u015bci\u0105, szczer\u0105 i zdrow\u0105 pobo\u017cno\u015bci\u0105, a tak\u017ce gorliwym \u017cyciem sakramentalnym;<\/li>\n\n\n\n<li>ciesz\u0105cy si\u0119 dobr\u0105 opini\u0105 w\u015br\u00f3d parafian;<\/li>\n\n\n\n<li>przydatna jest przynale\u017cno\u015b\u0107 do wsp\u00f3lnot i grup parafialnych, jak r\u00f3wnie\u017c do\u015bwiadczenie w ruchach i stowarzyszeniach katolickich (np. odnowie w Duchu \u015awi\u0119tym, Akcja Katolicka, Warmi\u0144ska Szko\u0142a Biblijna).<\/li>\n<\/ul>\n\n\n\n<p><\/p>\n\n\n\n<p><\/p>\n\n\n\n<p><strong>Formacja:<\/strong><\/p>\n\n\n\n<ul>\n<li>zaj\u0119cia odbywaj\u0105 si\u0119 na Wydziale Teologii UWM w Olsztynie (ul. Hozjusza 15, 11-041 Olsztyn &#8211; Redykajny);<\/li>\n\n\n\n<li>kadr\u0119 tworz\u0105 nauczyciele akademiccy WT UWM w Olsztynie i eksperci z danego obszaru wiedzy;<\/li>\n\n\n\n<li>zaj\u0119cia odbywaj\u0105 si\u0119 wed\u0142ug programu ramowego;<\/li>\n\n\n\n<li>wymiar zaj\u0119\u0107: 152 godz. lekcyjne (8 godz. lekcyjnych podczas jednego zjazdu, raz w miesi\u0105cu, zasadniczo jest to 3. sobota miesi\u0105ca), dodatkowo odbywaj\u0105 si\u0119 r\u00f3wnie\u017c dni skupienia, rekolekcje i egzamin;<\/li>\n\n\n\n<li>przygotowanie odbywa si\u0119 tak\u017ce w parafii, w tym polega na indywidualnej pracy kandydat\u00f3w.<\/li>\n<\/ul>\n\n\n\n<p><\/p>\n\n\n\n<p><strong>Zg\u0142aszanie kandydat\u00f3w:<\/strong><\/p>\n\n\n\n<ul>\n<li>zg\u0142osze\u0144 dokonuje proboszcz na przygotowanym w tym celu <a href=\"http:\/\/formacja.olsztyn.pl\/wp-content\/uploads\/2024\/05\/WSK_formularz.docx\">FORMULARZU<\/a>;<\/li>\n\n\n\n<li>zg\u0142oszenia (do kolejnych edycji):\n<ul>\n<li>tradycyjn\u0105 poczt\u0105 na adres Wydzia\u0142 Teologii, ul. Hozjusza 15, 11-041 Olsztyn (z dopiskiem: <em>Warmi\u0144ska Szko\u0142a Katechist\u00f3w<\/em>)<\/li>\n<\/ul>\n<\/li>\n<\/ul>\n\n\n\n<p>lub<\/p>\n\n\n\n<ul>\n<li>drog\u0105 elektroniczn\u0105 (skan wype\u0142nionego formularza) na adres formacjastala@archwarmia.pl (w tytule maila prosz\u0119 poda\u0107: <em>Warmi\u0144ska Szko\u0142a Katechist\u00f3w<\/em>);<\/li>\n<\/ul>\n\n\n\n<p>Wskazane jest, aby parafie wsp\u00f3\u0142finansowa\u0142y formacj\u0119 swoich kandydat\u00f3w, kt\u00f3rzy moralnie zobowi\u0105\u017c\u0105 si\u0119 do aktywnego pe\u0142nienia w swoich parafiach pos\u0142ugi po zako\u0144czeniu formacji podstawowej (przewidywany \u2013 dla grupy 30 os\u00f3b \u2013 ca\u0142o\u015bciowy koszt kszta\u0142cenia wynosi 1 tys. z\u0142. od osoby; ostateczny koszt b\u0119dzie zale\u017ca\u0142 od ilo\u015bci zg\u0142oszonych kandydat\u00f3w i zostanie ustalony po zako\u0144czeniu zapis\u00f3w, w\u00f3wczas te\u017c zostanie podany spos\u00f3b dokonania op\u0142aty).<\/p>\n\n\n\n<p><\/p>\n\n\n\n<p><strong>Osoba odpowiedzialna<\/strong>:<strong> <\/strong>ks. Zdzis\u0142aw Kieliszek<\/p>\n\n\n\n<p><strong>Kontakt:<\/strong> formacjastala@archwarmia.pl<\/p>\n\n\n\n<p><\/p>\n","protected":false},"excerpt":{"rendered":"<p>Ojciec \u015awi\u0119ty Franciszek Listem Apostolskim motu proprio \u201eAntiquum Ministerium\u201d z dnia 11 maja 2021 roku ustanowi\u0142 w Ko\u015bciele pos\u0142ug\u0119 katechisty. W dokumencie tym czytamy m.in., \u017ce &gt;&gt;Pos\u0142uga ta jest [\u2026] sta\u0142\u0105 s\u0142u\u017cb\u0105 na rzecz Ko\u015bcio\u0142a lokalnego, wed\u0142ug potrzeb duszpasterskich rozeznanych przez ordynariusza miejsca, ale wykonywan\u0105 na spos\u00f3b \u015bwiecki, zgodnie z sam\u0105 natur\u0105 tej\u017ce pos\u0142ugi&lt;&lt; (nr &#8230; <a title=\"Warmi\u0144ska Szko\u0142a Katechist\u00f3w\" class=\"read-more\" href=\"https:\/\/formacja.olsztyn.pl\/index.php\/warminska-szkola-katechistow\/\" aria-label=\"More on Warmi\u0144ska Szko\u0142a Katechist\u00f3w\">Read more<\/a><\/p>\n","protected":false},"author":3,"featured_media":0,"parent":0,"menu_order":0,"comment_status":"closed","ping_status":"closed","template":"","meta":{"footnotes":""},"_links":{"self":[{"href":"https:\/\/formacja.olsztyn.pl\/index.php\/wp-json\/wp\/v2\/pages\/210"}],"collection":[{"href":"https:\/\/formacja.olsztyn.pl\/index.php\/wp-json\/wp\/v2\/pages"}],"about":[{"href":"https:\/\/formacja.olsztyn.pl\/index.php\/wp-json\/wp\/v2\/types\/page"}],"author":[{"embeddable":true,"href":"https:\/\/formacja.olsztyn.pl\/index.php\/wp-json\/wp\/v2\/users\/3"}],"replies":[{"embeddable":true,"href":"https:\/\/formacja.olsztyn.pl\/index.php\/wp-json\/wp\/v2\/comments?post=210"}],"version-history":[{"count":17,"href":"https:\/\/formacja.olsztyn.pl\/index.php\/wp-json\/wp\/v2\/pages\/210\/revisions"}],"predecessor-version":[{"id":329,"href":"https:\/\/formacja.olsztyn.pl\/index.php\/wp-json\/wp\/v2\/pages\/210\/revisions\/329"}],"wp:attachment":[{"href":"https:\/\/formacja.olsztyn.pl\/index.php\/wp-json\/wp\/v2\/media?parent=210"}],"curies":[{"name":"wp","href":"https:\/\/api.w.org\/{rel}","templated":true}]}}